{"id":6507,"date":"2023-08-15T17:50:31","date_gmt":"2023-08-15T17:50:31","guid":{"rendered":"https:\/\/2023.fotografestival.cz\/rocnik-2023\/fotograf-festival-13\/"},"modified":"2023-09-05T12:29:07","modified_gmt":"2023-09-05T12:29:07","slug":"fotograf-festival-13","status":"publish","type":"page","link":"https:\/\/2023.fotografestival.cz\/en\/","title":{"rendered":"Fotograf Festival #13"},"content":{"rendered":"<p>We are living in a\u00a0time of transformation of the human body into a\u00a0liquid digital mass, affecting every aspect of our lives. Our digital entities roam cyberspace, and create their own enclaves where each virtual self constantly yearns to present itself well. We become the subjects of embodied fantasies in which we can be someone else entirely \u2013 forever, for a\u00a0time, or just for a\u00a0post.<\/p>\n<p>The thirteenth installment of the Fotograf Festival, named <em>HYPERTENSION23<\/em>, and its eponymous exhibition at the Trade Fair Palace of the National Gallery in Prague, deal with the tension in our minds caused by technologies that expose our attention to the constant visual pressure to notice something, to experience it emotionally, and react. Photography demands to be liked, video to be seen, a&nbsp;hashtag to be categorized immediately. The day becomes a&nbsp;to-do list which shrinks our perception of time. It becomes globally fluid in the metaverse.<\/p>\n<p>The exhibition\u00a0<em>HYPERTENSION23<\/em>, working with the medical term for high blood pressure, looks at contemporary visuality as something which primarily wishes to gain attention and somehow provoke a\u00a0reaction. At the same time, the project seeks a\u00a0new identity for the human being, whose original self is abstracted by digital space. It has taught us to think in new ways about ourselves and humanity surrounded by a\u00a0vision of a\u00a0technological singularity, where general artificial intelligence will surpass the capabilities of humanity.<\/p>\n<p>The author of the concept and curator of the exhibition at the Trade Fair Palace is Monika \u010cejkov\u00e1. The theme of hypertension is also treated in an exhibition at the Fotograf Gallery by curator Tina Polia\u010dkov\u00e1. Furthermore, the festival theme will be extended to the public space, where a&nbsp;visual essay by Shumon Basar, Hans Ulrich Obrist and Douglas Coupland will be presented in the exhibition space in an underpass of the metro B line and on the facade of the Trade Fair Palace.<\/p>\n","protected":false},"excerpt":{"rendered":"<p>We are living in a\u00a0time of transformation of the human body into a\u00a0liquid digital mass, affecting every aspect of our lives. Our digital entities roam cyberspace, and create their own enclaves where each virtual self constantly yearns to present itself well. We become the subjects of embodied fantasies in which we can be someone else [&hellip;]<\/p>\n","protected":false},"author":10,"featured_media":0,"parent":6492,"menu_order":0,"comment_status":"closed","ping_status":"closed","template":"","meta":{"_acf_changed":false,"footnotes":""},"acf":[],"_links":{"self":[{"href":"https:\/\/2023.fotografestival.cz\/en\/wp-json\/wp\/v2\/pages\/6507"}],"collection":[{"href":"https:\/\/2023.fotografestival.cz\/en\/wp-json\/wp\/v2\/pages"}],"about":[{"href":"https:\/\/2023.fotografestival.cz\/en\/wp-json\/wp\/v2\/types\/page"}],"author":[{"embeddable":true,"href":"https:\/\/2023.fotografestival.cz\/en\/wp-json\/wp\/v2\/users\/10"}],"replies":[{"embeddable":true,"href":"https:\/\/2023.fotografestival.cz\/en\/wp-json\/wp\/v2\/comments?post=6507"}],"version-history":[{"count":3,"href":"https:\/\/2023.fotografestival.cz\/en\/wp-json\/wp\/v2\/pages\/6507\/revisions"}],"predecessor-version":[{"id":6690,"href":"https:\/\/2023.fotografestival.cz\/en\/wp-json\/wp\/v2\/pages\/6507\/revisions\/6690"}],"up":[{"embeddable":true,"href":"https:\/\/2023.fotografestival.cz\/en\/wp-json\/wp\/v2\/pages\/6492"}],"wp:attachment":[{"href":"https:\/\/2023.fotografestival.cz\/en\/wp-json\/wp\/v2\/media?parent=6507"}],"curies":[{"name":"wp","href":"https:\/\/api.w.org\/{rel}","templated":true}]}}