{"id":4881,"date":"2021-06-22T11:44:30","date_gmt":"2021-06-22T11:44:30","guid":{"rendered":"https:\/\/fotografestival.cz\/2021\/kontakt\/"},"modified":"2021-07-24T06:39:10","modified_gmt":"2021-07-24T06:39:10","slug":"contact","status":"publish","type":"page","link":"https:\/\/2023.fotografestival.cz\/en\/rocnik-2021\/contact\/","title":{"rendered":"Contact"},"content":{"rendered":"<div class=\"col-12 col-lg-6 col-xxl-4\">\n<p><strong>Fotograf Festival is organised by<\/strong><br \/>\nFotograf 07 z.s.<br \/>\nJungmannova 7<br \/>\nPrague 1, 110&nbsp;00<br \/>\n<a href=\"javascript:DeCryptX('3l3q2h1p1A0f1p3w1p1h1s3d0f0n0e3w1\/1d1{')\">inf&#111;&#64;&#102;otog&#114;&#97;fne&#116;&#46;c&#122;<\/a><br \/>\n+420&nbsp;222&nbsp;942&nbsp;334<\/p>\n<\/div>\n\n<div class=\"col-12 col-lg-6 col-xxl-4\">\n<p><a href=\"https:\/\/fotografestival.cz\" target=\"_blank\" rel=\"noopener noreferrer\">fotografestival.cz<\/a><br \/>\n<a href=\"https:\/\/fotografgallery.cz\" target=\"_blank\" rel=\"noopener noreferrer\">fotografgallery.cz<\/a><br \/>\n<a href=\"https:\/\/fotografmagazine.cz\" target=\"_blank\" rel=\"noopener noreferrer\">fotografmagazine.cz<\/a><\/p>\n<\/div>\n\n<div class=\"col-12 col-lg-6 col-xxl-4\">\n<p><a class=\"icon icon-facebook icon-scnet shadow shadow-blue\" href=\"https:\/\/www.facebook.com\/fotograf.zone\" target=\"_blank\" rel=\"noopener noreferrer\"><span>Fotograf Festival Facebook profile<\/span><\/a><a class=\"icon icon-instagram icon-scnet shadow shadow-blue\" href=\"https:\/\/www.instagram.com\/fotograf.zone\/\" target=\"_blank\" rel=\"noopener noreferrer\"><span>Fotograf Festival Facebook profile<\/span><\/a><a class=\"icon icon-youtube icon-scnet shadow shadow-blue\" href=\"https:\/\/www.youtube.com\/user\/FotografOnUtube\" target=\"_blank\" rel=\"noopener noreferrer\"><span>Fotograf Festival Facebook profile<\/span><\/a><a class=\"icon icon-vimeo icon-scnet shadow shadow-blue\" href=\"#\" target=\"_blank\" rel=\"noopener noreferrer\"><span>Fotograf Festival Facebook profile<\/span><\/a><\/p>\n<\/div>\n\n<p>&nbsp;<\/p>\n<div class=\"col-12 col-lg-6 col-xxl-4\">\n<p><strong>Iva Svobodov\u00e1<\/strong><br \/>\nfestival manager<br \/>\n<a href=\"javascript:DeCryptX('1j3y3d313v1w1p0b2q1e3r3y2c0@3i3r1u1p0g0r0a1g3q0e0t311d1{')\">iv&#97;.svo&#98;&#111;do&#118;a&#64;&#102;o&#116;o&#103;&#114;&#97;fn&#101;t.cz<\/a><br \/>\n+420\u00a0606\u00a0399&nbsp;790<\/p>\n<\/div>\n\n<div class=\"col-12 col-lg-6 col-xxl-4\">\n<p><strong>Zuzana Ho\u0161kov\u00e1<\/strong><br \/>\nPR&nbsp;<br \/>\n<a href=\"javascript:DeCryptX('3}1v2|0a1o1b203k1p0s1l1p1w0a2B2h3r1u0o0g3u1b0f1o3h3w202e1{')\">z&#117;z&#97;na&#46;ho&#115;k&#111;&#118;&#97;&#64;&#102;&#111;&#116;o&#103;&#114;&#97;&#102;net.&#99;z<\/a><br \/>\n+420&nbsp;608&nbsp;427&nbsp;516<\/p>\n<\/div>\n\n<div class=\"col-12 col-lg-6 col-xxl-4\">\n<p><strong>Luk\u00e1\u0161 Likav\u010dan<\/strong><br \/>\nkur\u00e1tor<br \/>\n<a href=\"javascript:DeCryptX('0l2k1l0a2x1d1b0n1\/0l3x3n2c0s1A0g0m1b2k3o203f2q0m')\">&#108;&#105;&#107;&#97;&#118;can.&#108;u&#107;a&#115;&#64;&#103;ma&#105;l.&#99;&#111;m<\/a><br \/>\n+420&nbsp;778&nbsp;018&nbsp;785<\/p>\n<\/div>\n\n<div class=\"wpa9-accordion-content _8ec4Ad\"><\/p>\n<p><div class=\"col-12 col-lg-6 col-xxl-4\">\n<p><strong>Tereza Rudolf<\/strong><br \/>\nart director &amp; curator<br \/>\n<a href=\"javascript:DeCryptX('1u2g0r1f3}3d203u1v1e1p1m3i0@2h3r2v0o2i2t2c3i2p1f2v1\/3f1{')\">&#116;&#101;reza&#46;ru&#100;&#111;&#108;f&#64;f&#111;to&#103;ra&#102;&#110;&#101;&#116;.&#99;&#122;<\/a>\u200b<br \/>\n+420&nbsp;603&nbsp;563&nbsp;009<\/p>\n<\/div>\n<\/p>\n<p><div class=\"col-12 col-lg-6 col-xxl-4\">\n<p><strong>Viktorie V\u00edt\u016f<\/strong><br \/>\naccompanying and educational program<br \/>\n<a href=\"javascript:DeCryptX('3y3l3n3w0o0r2k1f0.0v3l1u1v1A3i3r2v2q2i0r2c1g0n2g2v0.2e1{')\">vikto&#114;&#105;e.&#118;i&#116;u&#64;fo&#116;o&#103;r&#97;fn&#101;t.&#99;z<\/a><\/p>\n<\/div>\n<\/p>\n<p><div class=\"col-12 col-lg-6 col-xxl-4\">\n<p><strong>Veronika Da\u0148helov\u00e1<\/strong><br \/>\nportfolio review\u200b<br \/>\n<a href=\"javascript:DeCryptX('1w1f0r1p1o3l1l1b1\/0d3d1o1i3h0l3r2x1b0@2h2q2v3r1h3u3d3i3q0e1u0.3f2|')\">vero&#110;&#105;k&#97;&#46;da&#110;helo&#118;&#97;&#64;&#102;o&#116;&#111;g&#114;&#97;&#102;ne&#116;&#46;&#99;z<\/a><br \/>\n+420&nbsp;603&nbsp;425&nbsp;057<\/p>\n<\/div>\n<\/p>\n<p><div class=\"col-12 col-lg-6 col-xxl-4\">\n<p><strong>Eli\u0161ka \u017d\u00e1kov\u00e1<\/strong><br \/>\nguest service<br \/>\n<a href=\"javascript:DeCryptX('3h0l1j0s0k3d313}3d0k2q3y0a1A3i0o1u3r0g0r2c2h3q3h1u200c0z')\">eli&#115;&#107;&#97;&#46;&#122;&#97;&#107;ova&#64;f&#111;&#116;ogra&#102;n&#101;t.c&#122;<\/a><br \/>\n+420&nbsp;732&nbsp;699&nbsp;498<\/p>\n<\/div>\n<\/p>\n<p><div class=\"col-12 col-lg-6 col-xxl-4\">\n<p><strong>Pavel Mat\u011bj<\/strong><br \/>\ntechnical production<br \/>\n<a href=\"javascript:DeCryptX('3s2c0v1f0l0.2o1b0t0e2l1A1g3r1u1p2i0r2c1g2p1f2v310c0z')\">&#112;av&#101;l&#46;mate&#106;&#64;fotografne&#116;.&#99;&#122;<\/a><br \/>\n+420&nbsp;775&nbsp;309&nbsp;312<\/p>\n<\/div>\n<\/p>\n<p><div class=\"col-12 col-lg-6 col-xxl-4\">\n<p><strong>Mark\u00e9ta Kinterov\u00e1<\/strong><br \/>\nexecutive director Fotograf 07<br \/>\n<a href=\"javascript:DeCryptX('3p0a1s2m2g0t1b313n0i1o0t2g2t1p3y0a0@2h1p0t3r3j1s3d3i3q0e3w1\/1d1{')\">&#109;&#97;&#114;k&#101;&#116;a&#46;&#107;in&#116;&#101;r&#111;&#118;a&#64;foto&#103;r&#97;&#102;&#110;et.&#99;&#122;<\/a><\/p>\n<\/div>\n<\/p>\n<p><div class=\"col-12 col-lg-6 col-xxl-4\">\n<p><strong>Marie Rozm\u00e1nkov\u00e1<\/strong><br \/>\nfinance &amp; office manager<br \/>\n<a href=\"javascript:DeCryptX('1n2c1s0i1f0.3u3r0z0m0a1o2m1p1w1b1A1g2q3w2q3j3u1b2h2p0e3w0.3f3}')\">m&#97;ri&#101;.&#114;&#111;zm&#97;n&#107;ov&#97;&#64;&#102;&#111;t&#111;&#103;r&#97;fne&#116;.c&#122;<\/a><\/p>\n<\/div>\n<\/p>\n<p><div class=\"col-12 col-lg-6 col-xxl-4\">\n<p><strong>Ad\u00e9la Vosi\u010dkov\u00e1, Dita Havr\u00e1nkov\u00e1, Jan Kolsk\u00fd<\/strong><br \/>\nphoto-documentation<\/p>\n<\/div>\n<\/p>\n<p><div class=\"col-12 col-lg-6 col-xxl-4\">\n<p><strong>Ale\u0161 Loziak<\/strong><br \/>\nwebmaster<br \/>\n<a href=\"javascript:DeCryptX('1b2n3h0s203o0o1{1j3d1l3C1h1n0a1j2n312e1p3p')\">al&#101;&#115;&#46;l&#111;ziak&#64;gma&#105;&#108;.&#99;o&#109;<\/a><\/p>\n<p><strong>Bronislav Musil<\/strong><br \/>\ngraphics design<br \/>\n<a href=\"javascript:DeCryptX('2d3u3r0n3d313p0u2u2k2n1A3j2o1b3l2n313f1p3p')\">br&#111;na.m&#117;si&#108;&#64;g&#109;ail&#46;c&#111;m<\/a><\/p>\n<\/div>\n<\/p>\n<p><\/div>\r\n\t<div class=\"wpa9-accordion-toggler\">\r\n\t\t<a href=\"javascript:void(0);\" class=\"wpa9-accordion-toggler-opener meta-show-more\" data-toggle=\"_8ec4Ad\" title=\"More\"><span>More<\/span><\/a>\r\n\t\t<a href=\"javascript:void(0);\" class=\"wpa9-accordion-toggler-closer meta-show-less\" data-toggle=\"_8ec4Ad\" title=\"Less\"><span>Less<\/span><\/a>\r\n\t<\/div>\n","protected":false},"excerpt":{"rendered":"<p>&nbsp;<\/p>\n","protected":false},"author":10,"featured_media":0,"parent":4887,"menu_order":0,"comment_status":"closed","ping_status":"closed","template":"","meta":{"_acf_changed":false,"footnotes":""},"acf":[],"_links":{"self":[{"href":"https:\/\/2023.fotografestival.cz\/en\/wp-json\/wp\/v2\/pages\/4881"}],"collection":[{"href":"https:\/\/2023.fotografestival.cz\/en\/wp-json\/wp\/v2\/pages"}],"about":[{"href":"https:\/\/2023.fotografestival.cz\/en\/wp-json\/wp\/v2\/types\/page"}],"author":[{"embeddable":true,"href":"https:\/\/2023.fotografestival.cz\/en\/wp-json\/wp\/v2\/users\/10"}],"replies":[{"embeddable":true,"href":"https:\/\/2023.fotografestival.cz\/en\/wp-json\/wp\/v2\/comments?post=4881"}],"version-history":[{"count":2,"href":"https:\/\/2023.fotografestival.cz\/en\/wp-json\/wp\/v2\/pages\/4881\/revisions"}],"predecessor-version":[{"id":4933,"href":"https:\/\/2023.fotografestival.cz\/en\/wp-json\/wp\/v2\/pages\/4881\/revisions\/4933"}],"up":[{"embeddable":true,"href":"https:\/\/2023.fotografestival.cz\/en\/wp-json\/wp\/v2\/pages\/4887"}],"wp:attachment":[{"href":"https:\/\/2023.fotografestival.cz\/en\/wp-json\/wp\/v2\/media?parent=4881"}],"curies":[{"name":"wp","href":"https:\/\/api.w.org\/{rel}","templated":true}]}}