{"id":3376,"date":"2019-04-18T06:59:44","date_gmt":"2019-04-18T06:59:44","guid":{"rendered":"http:\/\/fotografestival.cz\/2021\/\/rocnik-2019\/kontakty\/"},"modified":"2019-09-23T13:07:15","modified_gmt":"2019-09-23T13:07:15","slug":"contacts","status":"publish","type":"page","link":"https:\/\/2023.fotografestival.cz\/en\/rocnik-2019\/contacts\/","title":{"rendered":"Contacts"},"content":{"rendered":"<div id=\"pl-3376\"  class=\"panel-layout\" ><div id=\"pg-3376-0\"  class=\"panel-grid panel-no-style\" ><div id=\"pgc-3376-0-0\"  class=\"panel-grid-cell\" ><div id=\"panel-3376-0-0-0\" class=\"so-panel widget panel-first-child panel-last-child\" data-index=\"0\" ><\/div><\/div><\/div><div id=\"pg-3376-1\"  class=\"panel-grid panel-has-style\" ><div class=\"panel-row-style panel-row-style-for-3376-1\" ><div id=\"pgc-3376-1-0\"  class=\"panel-grid-cell panel-grid-cell-mobile-last\" ><div id=\"panel-3376-1-0-0\" class=\"so-panel widget widget_sow-editor panel-first-child\" data-index=\"1\" ><div\n\t\t\t\n\t\t\tclass=\"so-widget-sow-editor so-widget-sow-editor-base\"\n\t\t\t\n\t\t><h3 class=\"text-\">Creative Board<\/h3>\n<div class=\"siteorigin-widget-tinymce textwidget\">\n\t<p>The board is a&nbsp;consulting and advisory body of the festival with an insight into the dramaturgy of the festival editions and the overall concept. Its purpose is to reflect the planned programme, to discuss the contents of the festival editions, and to provide the feedback after each edition.<\/p>\n<p>Since 2016, the creative board of the Fotograf Festival has included the following members: <strong>Hana&nbsp;Buddeus, Karel&nbsp;C\u00edsa\u0159, V\u00e1clav&nbsp;Jano\u0161\u010d\u00edk, Jen&nbsp;Kratochvil, Ji\u0159\u00ed&nbsp;Pt\u00e1\u010dek a&nbsp;Alexandra&nbsp;Vajd<\/strong>.<\/p>\n<\/div>\n<\/div><\/div><div id=\"panel-3376-1-0-1\" class=\"so-panel widget widget_sow-editor panel-last-child\" data-index=\"2\" ><div\n\t\t\t\n\t\t\tclass=\"so-widget-sow-editor so-widget-sow-editor-base\"\n\t\t\t\n\t\t>\n<div class=\"siteorigin-widget-tinymce textwidget\">\n\t<p><img loading=\"lazy\" decoding=\"async\" class=\"alignnone wp-image-3879\" src=\"https:\/\/fotografestival.cz\/2021\/\/wp-content\/uploads\/files\/2019\/tym\/hana-buddeus-580x580.png\" alt=\"\" width=\"110\" height=\"110\" \/><img loading=\"lazy\" decoding=\"async\" class=\"alignnone wp-image-3885\" src=\"https:\/\/fotografestival.cz\/2021\/\/wp-content\/uploads\/files\/2019\/tym\/karel-cisar-580x580.png\" alt=\"\" width=\"110\" height=\"110\" \/><img loading=\"lazy\" decoding=\"async\" class=\"alignnone wp-image-3887\" src=\"https:\/\/fotografestival.cz\/2021\/\/wp-content\/uploads\/files\/2019\/tym\/vaclav-janoscik-580x580.png\" alt=\"\" width=\"110\" height=\"110\" \/><img loading=\"lazy\" decoding=\"async\" class=\"alignnone wp-image-3881\" src=\"https:\/\/fotografestival.cz\/2021\/\/wp-content\/uploads\/files\/2019\/tym\/jen-kratochvil-580x580.png\" alt=\"\" width=\"110\" height=\"110\" \/><img loading=\"lazy\" decoding=\"async\" class=\"alignnone wp-image-3883\" src=\"https:\/\/fotografestival.cz\/2021\/\/wp-content\/uploads\/files\/2019\/tym\/jiri-ptacek-580x580.png\" alt=\"\" width=\"110\" height=\"110\" \/><img loading=\"lazy\" decoding=\"async\" class=\"alignnone wp-image-3877\" src=\"https:\/\/fotografestival.cz\/2021\/\/wp-content\/uploads\/files\/2019\/tym\/alexandra-vajd-580x580.png\" alt=\"\" width=\"110\" height=\"110\" \/><\/p>\n<\/div>\n<\/div><\/div><\/div><div id=\"pgc-3376-1-1\"  class=\"panel-grid-cell panel-grid-cell-empty\" ><\/div><\/div><\/div><\/div>","protected":false},"excerpt":{"rendered":"<p>The board is a&nbsp;consulting and advisory body of the festival with an insight into the dramaturgy of the festival editions and the overall concept. Its purpose is to reflect the planned programme, to discuss the contents of the festival editions, and to provide the feedback after each edition. Since 2016, the creative board of [&hellip;]<\/p>\n","protected":false},"author":10,"featured_media":0,"parent":3371,"menu_order":0,"comment_status":"closed","ping_status":"closed","template":"","meta":{"_acf_changed":false,"footnotes":""},"acf":[],"_links":{"self":[{"href":"https:\/\/2023.fotografestival.cz\/en\/wp-json\/wp\/v2\/pages\/3376"}],"collection":[{"href":"https:\/\/2023.fotografestival.cz\/en\/wp-json\/wp\/v2\/pages"}],"about":[{"href":"https:\/\/2023.fotografestival.cz\/en\/wp-json\/wp\/v2\/types\/page"}],"author":[{"embeddable":true,"href":"https:\/\/2023.fotografestival.cz\/en\/wp-json\/wp\/v2\/users\/10"}],"replies":[{"embeddable":true,"href":"https:\/\/2023.fotografestival.cz\/en\/wp-json\/wp\/v2\/comments?post=3376"}],"version-history":[{"count":2,"href":"https:\/\/2023.fotografestival.cz\/en\/wp-json\/wp\/v2\/pages\/3376\/revisions"}],"predecessor-version":[{"id":3960,"href":"https:\/\/2023.fotografestival.cz\/en\/wp-json\/wp\/v2\/pages\/3376\/revisions\/3960"}],"up":[{"embeddable":true,"href":"https:\/\/2023.fotografestival.cz\/en\/wp-json\/wp\/v2\/pages\/3371"}],"wp:attachment":[{"href":"https:\/\/2023.fotografestival.cz\/en\/wp-json\/wp\/v2\/media?parent=3376"}],"curies":[{"name":"wp","href":"https:\/\/api.w.org\/{rel}","templated":true}]}}